{"id":5564,"date":"2022-10-02T17:33:59","date_gmt":"2022-10-02T20:33:59","guid":{"rendered":"https:\/\/oiexpress.com.br\/oi\/?page_id=5564"},"modified":"2023-02-13T19:21:11","modified_gmt":"2023-02-13T22:21:11","slug":"home","status":"publish","type":"page","link":"https:\/\/oiexpress.com.br\/oi\/","title":{"rendered":"HOME"},"content":{"rendered":"<p><a href=\"http:\/\/wa.me\/554185157809\" role=\"button\"><br \/>\n\t\t\t\t\t\tClique aqui e solicite sua entrega<br \/>\n\t\t\t\t\t<\/a><br \/>\n\t\t<div style=\"width: 640px;\" class=\"wp-video\"><!--[if lt IE 9]><script>document.createElement('video');<\/script><![endif]-->\n<video class=\"wp-video-shortcode\" id=\"video-5564-1\" width=\"640\" height=\"360\" preload=\"metadata\" controls=\"controls\"><source type=\"video\/mp4\" src=\"https:\/\/oiexpress.com.br\/oi\/wp-content\/uploads\/2022\/10\/WhatsApp-Video-2022-10-04-at-17.44.16.mp4?_=1\" \/><a href=\"https:\/\/oiexpress.com.br\/oi\/wp-content\/uploads\/2022\/10\/WhatsApp-Video-2022-10-04-at-17.44.16.mp4\">https:\/\/oiexpress.com.br\/oi\/wp-content\/uploads\/2022\/10\/WhatsApp-Video-2022-10-04-at-17.44.16.mp4<\/a><\/video><\/div>\t\t<\/p>\n<style>\/*! elementor - v3.11.0 - 13-02-2023 *\/\n.elementor-heading-title{padding:0;margin:0;line-height:1}.elementor-widget-heading .elementor-heading-title[class*=elementor-size-]>a{color:inherit;font-size:inherit;line-height:inherit}.elementor-widget-heading .elementor-heading-title.elementor-size-small{font-size:15px}.elementor-widget-heading .elementor-heading-title.elementor-size-medium{font-size:19px}.elementor-widget-heading .elementor-heading-title.elementor-size-large{font-size:29px}.elementor-widget-heading .elementor-heading-title.elementor-size-xl{font-size:39px}.elementor-widget-heading .elementor-heading-title.elementor-size-xxl{font-size:59px}<\/style>\n<h2>Quem somos<\/h2>\n<p>Fundada em 2018, a Connect Log Express Eirele nasceu de um sonho familiar. Acreditamos e fomos \u00e0 luta, prestando um servi\u00e7o com excel\u00eancia.\u00a0<\/p>\n<p>Em 2019, foi realizada a fus\u00e3o entre Connect Log e O.I. Express, tornando-a mais forte no mercado de entregas e coletas express. Nosso objetivo \u00e9 sempre buscar atender nossos clientes de forma que seus produtos cheguem ao destino e satisfa\u00e7a a todos com muito zelo e carinho.<\/p>\n<p>Em 2020, com a pandemia, tivemos uma redu\u00e7\u00e3o em nossa equipe, mas mesmo assim, seguimos com muita determina\u00e7\u00e3o em busca de novos projetos para nos adequarmos ao novo mercado.<\/p>\n<p>Atualmente, contamos com uma equipe de colaboradores maior que quando iniciamos, nos tornando uma grande fam\u00edlia. E assim continuamos com excel\u00eancia no ramo em que atuamos, buscando sempre aprimorar nosso atendimento.<\/p>\n<p>Agradecemos a Deus que tornou nosso sonho realidade e que sempre nos conduz ao melhor caminho, pois buscamos ser justo com todos nossos clientes e colaboradores.<\/p>\n<p>O.I. EXPRESS realiza a necessidade de seus clientes, seja servi\u00e7o de banco, cart\u00f3rio, exames, pe\u00e7as, presente para a pessoa amada, entre outros.<\/p>\n<p>Se precisar, conte com a melhor, conte com a Oi Express<\/p>\n<h2>Conhe\u00e7a nossos servi\u00e7os<\/h2>\n<style>\/*! elementor - v3.11.0 - 13-02-2023 *\/\n.elementor-widget-image-box .elementor-image-box-content{width:100%}@media (min-width:768px){.elementor-widget-image-box.elementor-position-left .elementor-image-box-wrapper,.elementor-widget-image-box.elementor-position-right .elementor-image-box-wrapper{display:flex}.elementor-widget-image-box.elementor-position-right .elementor-image-box-wrapper{text-align:right;flex-direction:row-reverse}.elementor-widget-image-box.elementor-position-left .elementor-image-box-wrapper{text-align:left;flex-direction:row}.elementor-widget-image-box.elementor-position-top .elementor-image-box-img{margin:auto}.elementor-widget-image-box.elementor-vertical-align-top .elementor-image-box-wrapper{align-items:flex-start}.elementor-widget-image-box.elementor-vertical-align-middle .elementor-image-box-wrapper{align-items:center}.elementor-widget-image-box.elementor-vertical-align-bottom .elementor-image-box-wrapper{align-items:flex-end}}@media (max-width:767px){.elementor-widget-image-box .elementor-image-box-img{margin-left:auto!important;margin-right:auto!important;margin-bottom:15px}}.elementor-widget-image-box .elementor-image-box-img{display:inline-block}.elementor-widget-image-box .elementor-image-box-title a{color:inherit}.elementor-widget-image-box .elementor-image-box-wrapper{text-align:center}.elementor-widget-image-box .elementor-image-box-description{margin:0}<\/style>\n<figure><a href=\"http:\/\/wa.me\/554185157809\"><img decoding=\"async\" width=\"3500\" height=\"3500\" src=\"https:\/\/oiexpress.com.br\/oi\/wp-content\/uploads\/2022\/10\/01.png\" alt=\"\" loading=\"lazy\" \/><\/a><\/figure>\n<h3><a href=\"http:\/\/wa.me\/554185157809\">Coleta e Entrega Express<\/a><\/h3>\n<p>O servi\u00e7o express \u00e9 uma opera\u00e7\u00e3o de coleta e entrega de v\u00e1rios produtos diferenciado. Executado em um curto prazo. Nessa atividade, a carga possui car\u00e1ter emergencial e alcan\u00e7a total prefer\u00eancia. <\/p>\n<p>\t\t\t<a href=\"http:\/\/wa.me\/554185157809\" role=\"button\"><br \/>\n\t\t\t\t\t\tSaber mais<br \/>\n\t\t\t\t\t<\/a><\/p>\n<figure><a href=\"http:\/\/wa.me\/554185157809\"><img decoding=\"async\" width=\"3500\" height=\"3500\" src=\"https:\/\/oiexpress.com.br\/oi\/wp-content\/uploads\/2022\/10\/02.png\" alt=\"\" loading=\"lazy\" \/><\/a><\/figure>\n<h3><a href=\"http:\/\/wa.me\/554185157809\">Entrega Porta A Porta (E-commerce)<\/a><\/h3>\n<p>Servi\u00e7o para lojas com muita demanda de entrega, obtendo um entregador para efetuar suas entregas com garantia e seguran\u00e7a as entrega s\u00e3o protocoladas e registrada no sistema da empresa.<\/p>\n<p>\t\t\t<a href=\"http:\/\/wa.me\/554185157809\" role=\"button\"><br \/>\n\t\t\t\t\t\tSaber mais<br \/>\n\t\t\t\t\t<\/a><\/p>\n<figure><a href=\"http:\/\/wa.me\/554185157809\"><img decoding=\"async\" width=\"3000\" height=\"3000\" src=\"https:\/\/oiexpress.com.br\/oi\/wp-content\/uploads\/2022\/10\/03.png\" alt=\"\" loading=\"lazy\" \/><\/a><\/figure>\n<h3><a href=\"http:\/\/wa.me\/554185157809\">Log\u00edstica Reversa<\/a><\/h3>\n<p>\u00c9 um conjunto de procedimentos e meios para recolher produto, armazenar e despachar para nosso cliente.<\/p>\n<p>\t\t\t<a href=\"http:\/\/wa.me\/554185157809\" role=\"button\"><br \/>\n\t\t\t\t\t\tSaber mais<br \/>\n\t\t\t\t\t<\/a><\/p>\n<figure><a href=\"http:\/\/wa.me\/554185157809\"><img decoding=\"async\" width=\"1080\" height=\"1080\" src=\"https:\/\/oiexpress.com.br\/oi\/wp-content\/uploads\/2022\/10\/04.png\" alt=\"\" loading=\"lazy\" \/><\/a><\/figure>\n<h3><a href=\"http:\/\/wa.me\/554185157809\">Terceiriza\u00e7\u00e3o de Entregas<\/a><\/h3>\n<p>De motos, carros e utilit\u00e1rios.<\/p>\n<p>\t\t\t<a href=\"http:\/\/wa.me\/554185157809\" role=\"button\"><br \/>\n\t\t\t\t\t\t Saber mais<br \/>\n\t\t\t\t\t<\/a><\/p>\n<h2>Fa\u00e7a um or\u00e7amento conosco<\/h2>\n<p>Quer saber mais sobre nossos servi\u00e7os? Preencha o formul\u00e1rio ao lado ou clique agora mesmo no bot\u00e3o abaixo e fale com um de nossos consultores.<\/p>\n<p>\t\t\t<a href=\"http:\/\/wa.me\/554185157809\" role=\"button\"><br \/>\n\t\t\t\t\t\tFale conosco<br \/>\n\t\t\t\t\t<\/a><\/p>\n<h2>Para todos os tipos de neg\u00f3cios a Oi Express pode te ajudar<\/h2>\n<figure><img decoding=\"async\" width=\"1080\" height=\"1080\" src=\"https:\/\/oiexpress.com.br\/oi\/wp-content\/uploads\/2022\/10\/1.png\" alt=\"\" loading=\"lazy\" \/><\/figure>\n<h3>Produtos de Lojas Virtuais<\/h3>\n<figure><img decoding=\"async\" width=\"1080\" height=\"1080\" src=\"https:\/\/oiexpress.com.br\/oi\/wp-content\/uploads\/2022\/10\/2.png\" alt=\"\" loading=\"lazy\" \/><\/figure>\n<h3>Documentos<\/h3>\n<figure><img decoding=\"async\" width=\"1080\" height=\"1080\" src=\"https:\/\/oiexpress.com.br\/oi\/wp-content\/uploads\/2022\/10\/3.png\" alt=\"\" loading=\"lazy\" \/><\/figure>\n<h3>Produtos de carros, caminh\u00f5es e tratores<\/h3>\n<figure><img decoding=\"async\" width=\"1080\" height=\"1080\" src=\"https:\/\/oiexpress.com.br\/oi\/wp-content\/uploads\/2022\/10\/4.png\" alt=\"\" loading=\"lazy\" \/><\/figure>\n<h3>Flores e presentes<\/h3>\n<figure><img decoding=\"async\" width=\"1080\" height=\"1080\" src=\"https:\/\/oiexpress.com.br\/oi\/wp-content\/uploads\/2022\/10\/5.png\" alt=\"\" loading=\"lazy\" \/><\/figure>\n<h3>Roupas e acess\u00f3rios<\/h3>\n<figure><img decoding=\"async\" width=\"1080\" height=\"1080\" src=\"https:\/\/oiexpress.com.br\/oi\/wp-content\/uploads\/2022\/10\/1-1.png\" alt=\"\" loading=\"lazy\" \/><\/figure>\n<h3>E diversas outras coisas<\/h3>\n<h2>Quem j\u00e1 confia em nosso trabalho<\/h2>\n<style>\/*! elementor - v3.11.0 - 13-02-2023 *\/\n.elementor-widget-image-carousel .swiper,.elementor-widget-image-carousel .swiper-container{position:static}.elementor-widget-image-carousel .swiper-container .swiper-slide figure,.elementor-widget-image-carousel .swiper .swiper-slide figure{line-height:inherit}.elementor-widget-image-carousel .swiper-slide{text-align:center}.elementor-image-carousel-wrapper:not(.swiper-container-initialized) .swiper-slide,.elementor-image-carousel-wrapper:not(.swiper-initialized) .swiper-slide{max-width:calc(100% \/ var(--e-image-carousel-slides-to-show, 3))}<\/style>\n<figure><img data-src=\"https:\/\/oiexpress.com.br\/oi\/wp-content\/uploads\/2022\/10\/images-150x150.jpg\" alt=\"images\" \/><\/figure>\n<figure><img data-src=\"https:\/\/oiexpress.com.br\/oi\/wp-content\/uploads\/2022\/10\/FORMATO-FEED-2-150x150.png\" alt=\"FORMATO FEED (2)\" \/><\/figure>\n<figure><img data-src=\"https:\/\/oiexpress.com.br\/oi\/wp-content\/uploads\/2022\/10\/FORMATO-FEED-1-150x150.png\" alt=\"FORMATO FEED\" \/><\/figure>\n<figure><img data-src=\"https:\/\/oiexpress.com.br\/oi\/wp-content\/uploads\/2022\/10\/FORMATO-FEED-1-1-150x150.png\" alt=\"FORMATO FEED (1)\" \/><\/figure>\n<figure><img data-src=\"https:\/\/oiexpress.com.br\/oi\/wp-content\/uploads\/2022\/10\/FORMATO-FEED-3-150x150.png\" alt=\"FORMATO FEED\" \/><\/figure>\n<h2>Trabalhe Conosco<\/h2>\n<p>Quer fazer parte da equipe Oi Express?<\/p>\n<p>Preencha o formul\u00e1rio e anexe seu curr\u00edculo agora mesmo.<\/p>\n","protected":false},"excerpt":{"rendered":"<p>Clique aqui e solicite sua entrega https:\/\/oiexpress.com.br\/oi\/wp-content\/uploads\/2022\/10\/WhatsApp-Video-2022-10-04-at-17.44.16.mp4 Quem somos Fundada em 2018, a Connect Log Express Eirele nasceu de um sonho familiar. Acreditamos e fomos \u00e0 luta, prestando um servi\u00e7o com excel\u00eancia.\u00a0 Em 2019, foi realizada a fus\u00e3o entre Connect Log e O.I. Express, tornando-a mais forte no mercado de entregas e coletas express. Nosso [&hellip;]<\/p>\n","protected":false},"author":2,"featured_media":0,"parent":0,"menu_order":0,"comment_status":"closed","ping_status":"closed","template":"elementor_header_footer","meta":{"footnotes":""},"class_list":["post-5564","page","type-page","status-publish","hentry"],"_links":{"self":[{"href":"https:\/\/oiexpress.com.br\/oi\/wp-json\/wp\/v2\/pages\/5564","targetHints":{"allow":["GET"]}}],"collection":[{"href":"https:\/\/oiexpress.com.br\/oi\/wp-json\/wp\/v2\/pages"}],"about":[{"href":"https:\/\/oiexpress.com.br\/oi\/wp-json\/wp\/v2\/types\/page"}],"author":[{"embeddable":true,"href":"https:\/\/oiexpress.com.br\/oi\/wp-json\/wp\/v2\/users\/2"}],"replies":[{"embeddable":true,"href":"https:\/\/oiexpress.com.br\/oi\/wp-json\/wp\/v2\/comments?post=5564"}],"version-history":[{"count":123,"href":"https:\/\/oiexpress.com.br\/oi\/wp-json\/wp\/v2\/pages\/5564\/revisions"}],"predecessor-version":[{"id":6063,"href":"https:\/\/oiexpress.com.br\/oi\/wp-json\/wp\/v2\/pages\/5564\/revisions\/6063"}],"wp:attachment":[{"href":"https:\/\/oiexpress.com.br\/oi\/wp-json\/wp\/v2\/media?parent=5564"}],"curies":[{"name":"wp","href":"https:\/\/api.w.org\/{rel}","templated":true}]}}